{"id":3123,"date":"2021-01-11T11:23:29","date_gmt":"2021-01-11T11:23:29","guid":{"rendered":"http:\/\/www.durukancapital.com\/?page_id=3123"},"modified":"2024-04-02T13:48:02","modified_gmt":"2024-04-02T13:48:02","slug":"contact","status":"publish","type":"page","link":"https:\/\/www.durukancapital.com\/?page_id=3123","title":{"rendered":"Contact"},"content":{"rendered":"<p>[vc_row][vc_column][vc_empty_space height=&#8221;20px&#8221;][\/vc_column][\/vc_row][vc_row css=&#8221;.vc_custom_1610377029156{background-color: #28307e !important;}&#8221;][vc_column][\/vc_column][\/vc_row][vc_row][vc_column][vc_empty_space height=&#8221;50px&#8221;][\/vc_column][\/vc_row][vc_row][vc_column width=&#8221;1\/2&#8243;][vc_column_text]<\/p>\n<p style=\"text-align: left;\">Address: Durukan ltd. Kemanke\u015f Mah. Frans\u0131z Ge\u00e7idi Sok No:1\/14<\/p>\n<p style=\"text-align: left;\">Beyo\u011flu-Istanbul \/ Turkey<\/p>\n<p>[\/vc_column_text][\/vc_column][vc_column width=&#8221;1\/2&#8243;][\/vc_column][\/vc_row][vc_row][vc_column][vc_raw_html]JTVCY29udGFjdC1mb3JtLTclMjBpZCUzRCUyMjY0OWJmZmIlMjIlMjB0aXRsZSUzRCUyMkNvbnRhY3QlMjBmb3JtJTIwMSUyMiU1RA==[\/vc_raw_html][\/vc_column][\/vc_row]<\/p>\n","protected":false},"excerpt":{"rendered":"<p>[vc_row][vc_column][vc_empty_space height=&#8221;20px&#8221;][\/vc_column][\/vc_row][vc_row css=&#8221;.vc_custom_1610377029156{background-color: #28307e !important;}&#8221;][vc_column][\/vc_column][\/vc_row][vc_row][vc_column][vc_empty_space height=&#8221;50px&#8221;][\/vc_column][\/vc_row][vc_row][vc_column width=&#8221;1\/2&#8243;][vc_column_text] Address: Durukan ltd. Kemanke\u015f Mah. Frans\u0131z Ge\u00e7idi Sok No:1\/14 Beyo\u011flu-Istanbul \/ Turkey [\/vc_column_text][\/vc_column][vc_column width=&#8221;1\/2&#8243;][\/vc_column][\/vc_row][vc_row][vc_column][vc_raw_html]JTVCY29udGFjdC1mb3JtLTclMjBpZCUzRCUyMjY0OWJmZmIlMjIlMjB0aXRsZSUzRCUyMkNvbnRhY3QlMjBmb3JtJTIwMSUyMiU1RA==[\/vc_raw_html][\/vc_column][\/vc_row]<\/p>\n","protected":false},"author":1,"featured_media":0,"parent":0,"menu_order":0,"comment_status":"closed","ping_status":"closed","template":"","meta":{"footnotes":""},"class_list":["post-3123","page","type-page","status-publish","hentry"],"_links":{"self":[{"href":"https:\/\/www.durukancapital.com\/index.php?rest_route=\/wp\/v2\/pages\/3123","targetHints":{"allow":["GET"]}}],"collection":[{"href":"https:\/\/www.durukancapital.com\/index.php?rest_route=\/wp\/v2\/pages"}],"about":[{"href":"https:\/\/www.durukancapital.com\/index.php?rest_route=\/wp\/v2\/types\/page"}],"author":[{"embeddable":true,"href":"https:\/\/www.durukancapital.com\/index.php?rest_route=\/wp\/v2\/users\/1"}],"replies":[{"embeddable":true,"href":"https:\/\/www.durukancapital.com\/index.php?rest_route=%2Fwp%2Fv2%2Fcomments&post=3123"}],"version-history":[{"count":17,"href":"https:\/\/www.durukancapital.com\/index.php?rest_route=\/wp\/v2\/pages\/3123\/revisions"}],"predecessor-version":[{"id":3182,"href":"https:\/\/www.durukancapital.com\/index.php?rest_route=\/wp\/v2\/pages\/3123\/revisions\/3182"}],"wp:attachment":[{"href":"https:\/\/www.durukancapital.com\/index.php?rest_route=%2Fwp%2Fv2%2Fmedia&parent=3123"}],"curies":[{"name":"wp","href":"https:\/\/api.w.org\/{rel}","templated":true}]}}